{"id":31453,"date":"2023-12-20T15:51:38","date_gmt":"2023-12-20T14:51:38","guid":{"rendered":"https:\/\/manag-in.com\/portage-salarial-partners\/"},"modified":"2026-02-17T09:53:46","modified_gmt":"2026-02-17T08:53:46","slug":"portage-salarial-partners","status":"publish","type":"page","link":"https:\/\/manag-in.com\/en\/portage-salarial-partners\/","title":{"rendered":"Umbrella partners"},"content":{"rendered":"\t\t<div data-elementor-type=\"wp-page\" data-elementor-id=\"31453\" class=\"elementor elementor-31453 elementor-30623\" data-elementor-post-type=\"page\">\n\t\t\t\t\t\t<section class=\"elementor-section elementor-top-section elementor-element elementor-element-e3196fe elementor-section-height-min-height elementor-section-items-bottom elementor-section-boxed elementor-section-height-default\" data-id=\"e3196fe\" data-element_type=\"section\" data-e-type=\"section\" data-settings=\"{&quot;background_background&quot;:&quot;classic&quot;}\">\n\t\t\t\t\t\t\t<div class=\"elementor-background-overlay\"><\/div>\n\t\t\t\t\t\t\t<div class=\"elementor-container elementor-column-gap-default\">\n\t\t\t\t\t<div class=\"elementor-column elementor-col-100 elementor-top-column elementor-element elementor-element-a9ec67c\" data-id=\"a9ec67c\" data-element_type=\"column\" data-e-type=\"column\">\n\t\t\t<div class=\"elementor-widget-wrap elementor-element-populated\">\n\t\t\t\t\t\t<div class=\"elementor-element elementor-element-d248701 elementor-widget__width-initial elementor-widget-mobile__width-inherit elementor-widget-tablet__width-inherit elementor-widget elementor-widget-heading\" data-id=\"d248701\" data-element_type=\"widget\" data-e-type=\"widget\" data-widget_type=\"heading.default\">\n\t\t\t\t<div class=\"elementor-widget-container\">\n\t\t\t\t\t<h1 class=\"elementor-heading-title elementor-size-default\">Umbrella partners<\/h1>\t\t\t\t<\/div>\n\t\t\t\t<\/div>\n\t\t\t\t<div class=\"elementor-element elementor-element-33cb6b1 elementor-widget elementor-widget-spacer\" data-id=\"33cb6b1\" data-element_type=\"widget\" data-e-type=\"widget\" data-widget_type=\"spacer.default\">\n\t\t\t\t<div class=\"elementor-widget-container\">\n\t\t\t\t\t\t\t<div class=\"elementor-spacer\">\n\t\t\t<div class=\"elementor-spacer-inner\"><\/div>\n\t\t<\/div>\n\t\t\t\t\t\t<\/div>\n\t\t\t\t<\/div>\n\t\t\t\t<div class=\"elementor-element elementor-element-546b8b3 elementor-widget elementor-widget-spacer\" data-id=\"546b8b3\" data-element_type=\"widget\" data-e-type=\"widget\" data-widget_type=\"spacer.default\">\n\t\t\t\t<div class=\"elementor-widget-container\">\n\t\t\t\t\t\t\t<div class=\"elementor-spacer\">\n\t\t\t<div class=\"elementor-spacer-inner\"><\/div>\n\t\t<\/div>\n\t\t\t\t\t\t<\/div>\n\t\t\t\t<\/div>\n\t\t\t\t<div class=\"elementor-element elementor-element-cee6082 elementor-widget__width-auto elementor-absolute elementor-widget elementor-widget-image\" data-id=\"cee6082\" data-element_type=\"widget\" data-e-type=\"widget\" data-settings=\"{&quot;_position&quot;:&quot;absolute&quot;}\" data-widget_type=\"image.default\">\n\t\t\t\t<div class=\"elementor-widget-container\">\n\t\t\t\t\t\t\t\t\t\t\t\t\t\t\t<img decoding=\"async\" width=\"37\" height=\"26\" src=\"https:\/\/manag-in.com\/wp-content\/uploads\/2023\/07\/Calque-1pictogramme.svg\" class=\"attachment-large size-large wp-image-31226\" alt=\"Manag-in, Interim Manager\" \/>\t\t\t\t\t\t\t\t\t\t\t\t\t\t\t<\/div>\n\t\t\t\t<\/div>\n\t\t\t\t\t<\/div>\n\t\t<\/div>\n\t\t\t\t\t<\/div>\n\t\t<\/section>\n\t\t\t\t<section class=\"elementor-section elementor-top-section elementor-element elementor-element-8f8603d elementor-section-content-middle elementor-section-boxed elementor-section-height-default elementor-section-height-default\" data-id=\"8f8603d\" data-element_type=\"section\" data-e-type=\"section\">\n\t\t\t\t\t\t<div class=\"elementor-container elementor-column-gap-no\">\n\t\t\t\t\t<div class=\"elementor-column elementor-col-100 elementor-top-column elementor-element elementor-element-65313bee\" data-id=\"65313bee\" data-element_type=\"column\" data-e-type=\"column\">\n\t\t\t<div class=\"elementor-widget-wrap elementor-element-populated\">\n\t\t\t\t\t\t<div class=\"elementor-element elementor-element-814d71c elementor-widget elementor-widget-text-editor\" data-id=\"814d71c\" data-element_type=\"widget\" data-e-type=\"widget\" data-widget_type=\"text-editor.default\">\n\t\t\t\t<div class=\"elementor-widget-container\">\n\t\t\t\t\t\t\t\t\t<div>\n\n<img decoding=\"async\" src=\"https:\/\/manag-in.com\/wp-content\/uploads\/2023\/07\/Calque-1pictogramme.svg\" alt=\"\" width=\"27\" height=\"26\">\n<table>\n<thead>\n<tr>\n<th>Agency<\/th>\n<th>Commission rates<\/th>\n<th>Offices<\/th>\n<th>Services<\/th>\n<th><img decoding=\"async\" src=\"https:\/\/manag-in.com\/wp-content\/uploads\/2023\/11\/ZFC_coul-248x300-1.jpg\"><\/th>\n<th><img decoding=\"async\" src=\"https:\/\/manag-in.com\/wp-content\/uploads\/2023\/11\/logo-peps-primary.png\">\n<p style=\"font-size: 10px;\">Federation of 400 umbrella companies<\/p>\n<\/th>\n<th>Ratings<\/th>\n<th>Turnover (in million)<\/th>\n<th>Number of employees ported<\/th>\n<th>100% digital<\/th>\n<\/tr>\n<\/thead>\n<tbody>\n<tr>\n<td><a href=\"https:\/\/manag-in.com\/agence-portage\/addexpert\/\"><img decoding=\"async\" src=\"https:\/\/manag-in.com\/wp-content\/uploads\/2023\/11\/addexpert.png\">\nADDEXPERT<\/a><\/td>\n<td>5% fixed\nincludes CVAE, civil liability and structural costs<\/td>\n<td>94210 LA VARENNE SAINT HILAIRE<\/td>\n<td><a href=\"https:\/\/manag-in.com\/agence-portage\/addexpert\/\">6 services to discover<\/a><\/td>\n<td><img decoding=\"async\" style=\"max-width: 50px;\" src=\"https:\/\/manag-in.com\/wp-content\/uploads\/2023\/11\/CheckCircle.png\">\nZero-fee details<\/td>\n<td><img decoding=\"async\" style=\"max-width: 50px;\" src=\"https:\/\/manag-in.com\/wp-content\/uploads\/2023\/11\/CheckCircle.png\">\nFIFO Details<\/td>\n<td><img decoding=\"async\" style=\"max-width: 120px;\" src=\"https:\/\/manag-in.com\/wp-content\/uploads\/2023\/11\/addexpert-Recherche-Google-202311-1.jpg\">\n51 reviews\n<img decoding=\"async\" style=\"max-width: 120px;\" src=\"https:\/\/manag-in.com\/wp-content\/uploads\/2023\/11\/addexpert-Recherche-Google-202311-1.jpg\">\nOther Rating Details<\/td>\n<td>45<\/td>\n<td>500<\/td>\n<td>Yes<\/td>\n<td><a href=\"https:\/\/manag-in.com\/agence-portage\/addexpert\/\" target=\"_blank\" rel=\"noopener\">  Contact this agency<\/a><\/td>\n<\/tr>\n<tr>\n<td><a href=\"https:\/\/manag-in.com\/agence-portage\/open-work\/\"><img decoding=\"async\" src=\"https:\/\/manag-in.com\/wp-content\/uploads\/2023\/11\/openwork_lemondeapres_logo.jpeg\">\nOpen Work<\/a><\/td>\n<td>5% fixed\ncapped at \u20ac700 with a \u20ac500 referral bonus<\/td>\n<td>PARIS, LILLE, BORDEAUX, LYON, NANTES, TOULOUSE, STRASBOURG, GRENOBLE, BRUSSELS, GENEVA<\/td>\n<td><a href=\"https:\/\/manag-in.com\/agence-portage\/open-work\/\">Services to discover<\/a><\/td>\n<td><img decoding=\"async\" style=\"max-width: 50px;\" src=\"https:\/\/manag-in.com\/wp-content\/uploads\/2023\/11\/CheckCircle.png\">\nin the process of accreditation<\/td>\n<td><img decoding=\"async\" style=\"max-width: 50px;\" src=\"https:\/\/manag-in.com\/wp-content\/uploads\/2023\/11\/CheckCircle.png\">\nwith mention of the total transparency of our way of operating<\/td>\n<td><img decoding=\"async\" style=\"max-width: 120px;\" src=\"https:\/\/manag-in.com\/wp-content\/uploads\/2023\/11\/openwork-Recherche-Google-202311.jpg\">\n25 Google Reviews\n<img style=\"max-width: 120px;\"><\/td>\n<td>60 in France, (800 Group)<\/td>\n<td>700<\/td>\n<td>100% digital application with Human, telephone and email support (24h response time)<\/td>\n<td><a href=\"https:\/\/manag-in.com\/agence-portage\/open-work\/\" target=\"_blank\" rel=\"noopener\">  Contact this agency<\/a><\/td>\n<\/tr>\n<tr>\n\n<\/tr>\n<tr>\n<td><a href=\"https:\/\/manag-in.com\/agence-portage\/rhapsody-portage-salarial\/\"><img decoding=\"async\" src=\"https:\/\/manag-in.com\/wp-content\/uploads\/2023\/11\/2020-03-24.jpg\">\nRHAPSODY UMBRELLA COMPANY<\/a><\/td>\n<td>5% fixed\ncapped at \u20ac600<\/td>\n<td>Paris, Bordeaux, La Rochelle, Le Mans, Lille, Lyon, Nantes, Niort, Poitiers, Rennes, Toulouse, Tours<\/td>\n<td><a href=\"https:\/\/manag-in.com\/agence-portage\/rhapsody-portage-salarial\/\">Services Detail<\/a><\/td>\n<td><img style=\"max-width: 50px;\">\n\u20ac0 additional fee<\/td>\n<td><img decoding=\"async\" style=\"max-width: 50px;\" src=\"https:\/\/manag-in.com\/wp-content\/uploads\/2023\/11\/CheckCircle.png\"><\/td>\n<td><img decoding=\"async\" style=\"max-width: 120px;\" src=\"https:\/\/manag-in.com\/wp-content\/uploads\/2023\/11\/avis-google.png\">\n\n<img style=\"max-width: 120px;\"><\/td>\n<td>30<\/td>\n<td>400<\/td>\n<td><\/td>\n<td><a href=\"https:\/\/manag-in.com\/agence-portage\/rhapsody-portage-salarial\/\">Contact this agency<\/a><\/td>\n<\/tr>\n<tr>\n<td><a href=\"https:\/\/manag-in.com\/agence-portage\/sage-sa\/\"><img decoding=\"async\" src=\"https:\/\/manag-in.com\/wp-content\/uploads\/2023\/11\/logo_sage.png\">\nSAGE SA (Soci\u00e9t\u00e9 d&#8217;Assistane pour la Gestion des Expatri\u00e9s)<\/a><\/td>\n<td>10%\n with a refund rate of up to 73% of the fees invoiced depending on the duration and specificities of the &#8220;\u00e0 la carte&#8221; social security coverage. Personalized proposal. <\/td>\n<td>GENEVA and via the sister companies of our group FREELANCE.com in France in PARIS, LILLE, BORDEAUX, LYON, NANTES, TOULOUSE, STRASBOURG, GRENOBLE, in Belgium in BRUSSELS and in Germany in BERLIN<\/td>\n<td><a href=\"https:\/\/manag-in.com\/agence-portage\/sage-sa\/\">Details of services<\/a><\/td>\n<td><img style=\"max-width: 50px;\"><\/td>\n<td><img style=\"max-width: 50px;\">\nGroup Freelance.com<\/td>\n<td><img style=\"max-width: 120px;\">\n\n<img style=\"max-width: 120px;\"><\/td>\n<td>&gt;  50 M CHF Switzerland<\/td>\n<td><\/td>\n<td>Human support, telephone and email (24h response time)<\/td>\n<td><a href=\"https:\/\/manag-in.com\/agence-portage\/sage-sa\/\">Contact this agency<\/a><\/td>\n<\/tr>\n<tr>\n<td><a href=\"https:\/\/manag-in.com\/agence-portage\/uncdi\/\"><img decoding=\"async\" src=\"https:\/\/manag-in.com\/wp-content\/uploads\/2023\/11\/cropped-logoUNCDI4.png\">\nUNCDI<\/a><\/td>\n<td>97\u20ac fixed \/month (standard pack)\n137\u20ac fixed\/month (Business pack)<\/td>\n<td><\/td>\n<td><a href=\"https:\/\/manag-in.com\/agence-portage\/uncdi\/\">Details of services<\/a><\/td>\n<td><img style=\"max-width: 50px;\">\n0\u20ac management fees<\/td>\n<td><img decoding=\"async\" style=\"max-width: 50px;\" src=\"https:\/\/manag-in.com\/wp-content\/uploads\/2023\/11\/CheckCircle.png\"><\/td>\n<td><img decoding=\"async\" style=\"max-width: 120px;\" src=\"https:\/\/manag-in.com\/wp-content\/uploads\/2023\/11\/avis-google.png\">\n14 reviews\n<img style=\"max-width: 120px;\"><\/td>\n<td><\/td>\n<td><\/td>\n<td>Yes<\/td>\n<td><a href=\"https:\/\/manag-in.com\/agence-portage\/uncdi\/\">Contact this agency<\/a><\/td>\n<\/tr>\n<\/tbody>\n<\/table>\n<\/div>\t\t\t\t\t\t\t\t<\/div>\n\t\t\t\t<\/div>\n\t\t\t\t\t<\/div>\n\t\t<\/div>\n\t\t\t\t\t<\/div>\n\t\t<\/section>\n\t\t\t\t<\/div>\n\t\t","protected":false},"excerpt":{"rendered":"<p>Umbrella partners Agency Commission rates Offices Services Federation of 400 umbrella companies Ratings Turnover (in million) Number of employees ported 100% digital ADDEXPERT 5% fixed includes CVAE, civil liability and structural costs 94210 LA VARENNE SAINT HILAIRE 6 services to discover Zero-fee details FIFO Details 51 reviews Other Rating Details 45 500 Yes Contact this [&hellip;]<\/p>\n","protected":false},"author":4,"featured_media":0,"parent":0,"menu_order":0,"comment_status":"closed","ping_status":"closed","template":"","meta":{"_acf_changed":false,"_seopress_robots_primary_cat":"","_seopress_titles_title":"Umbrella Partner - Interim Management","_seopress_titles_desc":"Manag In's umbrella partners, Interim management","_seopress_robots_index":"","footnotes":""},"class_list":["post-31453","page","type-page","status-publish","hentry"],"acf":[],"_links":{"self":[{"href":"https:\/\/manag-in.com\/en\/wp-json\/wp\/v2\/pages\/31453","targetHints":{"allow":["GET"]}}],"collection":[{"href":"https:\/\/manag-in.com\/en\/wp-json\/wp\/v2\/pages"}],"about":[{"href":"https:\/\/manag-in.com\/en\/wp-json\/wp\/v2\/types\/page"}],"author":[{"embeddable":true,"href":"https:\/\/manag-in.com\/en\/wp-json\/wp\/v2\/users\/4"}],"replies":[{"embeddable":true,"href":"https:\/\/manag-in.com\/en\/wp-json\/wp\/v2\/comments?post=31453"}],"version-history":[{"count":2,"href":"https:\/\/manag-in.com\/en\/wp-json\/wp\/v2\/pages\/31453\/revisions"}],"predecessor-version":[{"id":53165,"href":"https:\/\/manag-in.com\/en\/wp-json\/wp\/v2\/pages\/31453\/revisions\/53165"}],"wp:attachment":[{"href":"https:\/\/manag-in.com\/en\/wp-json\/wp\/v2\/media?parent=31453"}],"curies":[{"name":"wp","href":"https:\/\/api.w.org\/{rel}","templated":true}]}}