{"id":31995,"date":"2023-12-20T15:51:38","date_gmt":"2023-12-20T14:51:38","guid":{"rendered":"https:\/\/manag-in.com\/partner-ombrello\/"},"modified":"2026-02-17T09:53:45","modified_gmt":"2026-02-17T08:53:45","slug":"partner-ombrello","status":"publish","type":"page","link":"https:\/\/manag-in.com\/it\/partner-ombrello\/","title":{"rendered":"Partner ombrello"},"content":{"rendered":"\t\t<div data-elementor-type=\"wp-page\" data-elementor-id=\"31995\" class=\"elementor elementor-31995 elementor-30623\" data-elementor-post-type=\"page\">\n\t\t\t\t\t\t<section class=\"elementor-section elementor-top-section elementor-element elementor-element-e3196fe elementor-section-height-min-height elementor-section-items-bottom elementor-section-boxed elementor-section-height-default\" data-id=\"e3196fe\" data-element_type=\"section\" data-e-type=\"section\" data-settings=\"{&quot;background_background&quot;:&quot;classic&quot;}\">\n\t\t\t\t\t\t\t<div class=\"elementor-background-overlay\"><\/div>\n\t\t\t\t\t\t\t<div class=\"elementor-container elementor-column-gap-default\">\n\t\t\t\t\t<div class=\"elementor-column elementor-col-100 elementor-top-column elementor-element elementor-element-a9ec67c\" data-id=\"a9ec67c\" data-element_type=\"column\" data-e-type=\"column\">\n\t\t\t<div class=\"elementor-widget-wrap elementor-element-populated\">\n\t\t\t\t\t\t<div class=\"elementor-element elementor-element-d248701 elementor-widget__width-initial elementor-widget-mobile__width-inherit elementor-widget-tablet__width-inherit elementor-widget elementor-widget-heading\" data-id=\"d248701\" data-element_type=\"widget\" data-e-type=\"widget\" data-widget_type=\"heading.default\">\n\t\t\t\t<div class=\"elementor-widget-container\">\n\t\t\t\t\t<h1 class=\"elementor-heading-title elementor-size-default\">Partner ombrello<\/h1>\t\t\t\t<\/div>\n\t\t\t\t<\/div>\n\t\t\t\t<div class=\"elementor-element elementor-element-33cb6b1 elementor-widget elementor-widget-spacer\" data-id=\"33cb6b1\" data-element_type=\"widget\" data-e-type=\"widget\" data-widget_type=\"spacer.default\">\n\t\t\t\t<div class=\"elementor-widget-container\">\n\t\t\t\t\t\t\t<div class=\"elementor-spacer\">\n\t\t\t<div class=\"elementor-spacer-inner\"><\/div>\n\t\t<\/div>\n\t\t\t\t\t\t<\/div>\n\t\t\t\t<\/div>\n\t\t\t\t<div class=\"elementor-element elementor-element-546b8b3 elementor-widget elementor-widget-spacer\" data-id=\"546b8b3\" data-element_type=\"widget\" data-e-type=\"widget\" data-widget_type=\"spacer.default\">\n\t\t\t\t<div class=\"elementor-widget-container\">\n\t\t\t\t\t\t\t<div class=\"elementor-spacer\">\n\t\t\t<div class=\"elementor-spacer-inner\"><\/div>\n\t\t<\/div>\n\t\t\t\t\t\t<\/div>\n\t\t\t\t<\/div>\n\t\t\t\t<div class=\"elementor-element elementor-element-cee6082 elementor-widget__width-auto elementor-absolute elementor-widget elementor-widget-image\" data-id=\"cee6082\" data-element_type=\"widget\" data-e-type=\"widget\" data-settings=\"{&quot;_position&quot;:&quot;absolute&quot;}\" data-widget_type=\"image.default\">\n\t\t\t\t<div class=\"elementor-widget-container\">\n\t\t\t\t\t\t\t\t\t\t\t\t\t\t\t<img decoding=\"async\" width=\"37\" height=\"26\" src=\"https:\/\/manag-in.com\/wp-content\/uploads\/2023\/07\/Calque-1pictogramme.svg\" class=\"attachment-large size-large wp-image-52265\" alt=\"Manager, Direttore ad interim\" \/>\t\t\t\t\t\t\t\t\t\t\t\t\t\t\t<\/div>\n\t\t\t\t<\/div>\n\t\t\t\t\t<\/div>\n\t\t<\/div>\n\t\t\t\t\t<\/div>\n\t\t<\/section>\n\t\t\t\t<section class=\"elementor-section elementor-top-section elementor-element elementor-element-8f8603d elementor-section-content-middle elementor-section-boxed elementor-section-height-default elementor-section-height-default\" data-id=\"8f8603d\" data-element_type=\"section\" data-e-type=\"section\">\n\t\t\t\t\t\t<div class=\"elementor-container elementor-column-gap-no\">\n\t\t\t\t\t<div class=\"elementor-column elementor-col-100 elementor-top-column elementor-element elementor-element-65313bee\" data-id=\"65313bee\" data-element_type=\"column\" data-e-type=\"column\">\n\t\t\t<div class=\"elementor-widget-wrap elementor-element-populated\">\n\t\t\t\t\t\t<div class=\"elementor-element elementor-element-814d71c elementor-widget elementor-widget-text-editor\" data-id=\"814d71c\" data-element_type=\"widget\" data-e-type=\"widget\" data-widget_type=\"text-editor.default\">\n\t\t\t\t<div class=\"elementor-widget-container\">\n\t\t\t\t\t\t\t\t\t<div>\n\n<img decoding=\"async\" src=\"https:\/\/manag-in.com\/wp-content\/uploads\/2023\/07\/Calque-1pictogramme.svg\" alt=\"\" width=\"27\" height=\"26\">\n<table>\n<thead>\n<tr>\n<th>Agenzia<\/th>\n<th>Tassi di commissione<\/th>\n<th>Uffici<\/th>\n<th>Servizi<\/th>\n<th><img decoding=\"async\" src=\"https:\/\/manag-in.com\/wp-content\/uploads\/2023\/11\/ZFC_coul-248x300-1.jpg\"><\/th>\n<th><img decoding=\"async\" src=\"https:\/\/manag-in.com\/wp-content\/uploads\/2023\/11\/logo-peps-primary.png\">\n<p style=\"font-size: 10px;\">Federazione delle 400 aziende ombrello<\/p>\n<\/th>\n<th>Indici di ascolto<\/th>\n<th>Fatturato (in milioni)<\/th>\n<th>Numero di dipendenti portati<\/th>\n<th>100% digitale<\/th>\n<\/tr>\n<\/thead>\n<tbody>\n<tr>\n<td><a href=\"https:\/\/manag-in.com\/agence-portage\/addexpert\/\"><img decoding=\"async\" src=\"https:\/\/manag-in.com\/wp-content\/uploads\/2023\/11\/addexpert.png\">\nADDEXPERT<\/a><\/td>\n<td>5% fisso\ncomprende CVAE, responsabilit\u00e0 civile e costi strutturali<\/td>\n<td>94210 LA VARENNE SAINT HILAIRE<\/td>\n<td><a href=\"https:\/\/manag-in.com\/agence-portage\/addexpert\/\">6 servizi da scoprire<\/a><\/td>\n<td><img decoding=\"async\" style=\"max-width: 50px;\" src=\"https:\/\/manag-in.com\/wp-content\/uploads\/2023\/11\/CheckCircle.png\">\nDettagli senza commissioni<\/td>\n<td><img decoding=\"async\" style=\"max-width: 50px;\" src=\"https:\/\/manag-in.com\/wp-content\/uploads\/2023\/11\/CheckCircle.png\">\nDettagli FIFO<\/td>\n<td><img decoding=\"async\" style=\"max-width: 120px;\" src=\"https:\/\/manag-in.com\/wp-content\/uploads\/2023\/11\/addexpert-Recherche-Google-202311-1.jpg\">\n51 recensioni\n<img decoding=\"async\" style=\"max-width: 120px;\" src=\"https:\/\/manag-in.com\/wp-content\/uploads\/2023\/11\/addexpert-Recherche-Google-202311-1.jpg\">\nAltri dettagli di valutazione<\/td>\n<td>45<\/td>\n<td>500<\/td>\n<td>S\u00ec<\/td>\n<td><a href=\"https:\/\/manag-in.com\/agence-portage\/addexpert\/\" target=\"_blank\" rel=\"noopener\">  Contatta questa agenzia<\/a><\/td>\n<\/tr>\n<tr>\n<td><a href=\"https:\/\/manag-in.com\/agence-portage\/open-work\/\"><img decoding=\"async\" src=\"https:\/\/manag-in.com\/wp-content\/uploads\/2023\/11\/openwork_lemondeapres_logo.jpeg\">\nOpera aperta<\/a><\/td>\n<td>5% fisso\ncon un tetto massimo a \u20ac700 con un bonus referral di \u20ac500<\/td>\n<td>PARIGI, LILLE, BORDEAUX, LIONE, NANTES, TOLOSA, STRASBURGO, GRENOBLE, BRUXELLES, GINEVRA<\/td>\n<td><a href=\"https:\/\/manag-in.com\/agence-portage\/open-work\/\">Servizi da scoprire<\/a><\/td>\n<td><img decoding=\"async\" style=\"max-width: 50px;\" src=\"https:\/\/manag-in.com\/wp-content\/uploads\/2023\/11\/CheckCircle.png\">\nNel processo di accreditamento<\/td>\n<td><img decoding=\"async\" style=\"max-width: 50px;\" src=\"https:\/\/manag-in.com\/wp-content\/uploads\/2023\/11\/CheckCircle.png\">\ncon menzione della totale trasparenza del nostro modo di operare<\/td>\n<td><img decoding=\"async\" style=\"max-width: 120px;\" src=\"https:\/\/manag-in.com\/wp-content\/uploads\/2023\/11\/openwork-Recherche-Google-202311.jpg\">\n25 Recensioni su Google\n<img style=\"max-width: 120px;\"><\/td>\n<td>60 in Francia, (800 Group)<\/td>\n<td>700<\/td>\n<td>Applicazione 100% digitale con supporto umano, telefonico ed email (tempo di risposta 24 ore)<\/td>\n<td><a href=\"https:\/\/manag-in.com\/agence-portage\/open-work\/\" target=\"_blank\" rel=\"noopener\">  Contatta questa agenzia<\/a><\/td>\n<\/tr>\n<tr>\n\n<\/tr>\n<tr>\n<td><a href=\"https:\/\/manag-in.com\/agence-portage\/rhapsody-portage-salarial\/\"><img decoding=\"async\" src=\"https:\/\/manag-in.com\/wp-content\/uploads\/2023\/11\/2020-03-24.jpg\">\nRHAPSODY UMBRELLA COMPANY<\/a><\/td>\n<td>5% fisso\nlimitato a \u20ac600<\/td>\n<td>Parigi, Bordeaux, La Rochelle, Le Mans, Lille, Lione, Nantes, Niort, Poitiers, Rennes, Tolosa, Tours<\/td>\n<td><a href=\"https:\/\/manag-in.com\/agence-portage\/rhapsody-portage-salarial\/\">Dettaglio Servizi<\/a><\/td>\n<td><img style=\"max-width: 50px;\">\nCosti aggiuntivi di \u20ac0<\/td>\n<td><img decoding=\"async\" style=\"max-width: 50px;\" src=\"https:\/\/manag-in.com\/wp-content\/uploads\/2023\/11\/CheckCircle.png\"><\/td>\n<td><img decoding=\"async\" style=\"max-width: 120px;\" src=\"https:\/\/manag-in.com\/wp-content\/uploads\/2023\/11\/avis-google.png\">\n\n<img style=\"max-width: 120px;\"><\/td>\n<td>30<\/td>\n<td>400<\/td>\n<td><\/td>\n<td><a href=\"https:\/\/manag-in.com\/agence-portage\/rhapsody-portage-salarial\/\">Contatta questa agenzia<\/a><\/td>\n<\/tr>\n<tr>\n<td><a href=\"https:\/\/manag-in.com\/agence-portage\/sage-sa\/\"><img decoding=\"async\" src=\"https:\/\/manag-in.com\/wp-content\/uploads\/2023\/11\/logo_sage.png\">\nSAGE SA (Soci\u00e9t\u00e9 d&#8217;Assistane pour la Gestion des Expatri\u00e9s)<\/a><\/td>\n<td>10%\n con un tasso di rimborso fino al 73% delle spese fatturate a seconda della durata e delle specificit\u00e0 della copertura di previdenza sociale &#8220;\u00e0 la carte&#8221;. Proposta personalizzata. <\/td>\n<td>GEVRA e, tramite le societ\u00e0 sorelle del nostro gruppo, FREELANCE.com in Francia a PARIGI, LILLE, BORDEAUX, LIONE, NANTES, TOLOSA, STRASBURGO, GRENOBLE, in Belgio a BRELLAS e in Germania a BERLINO<\/td>\n<td><a href=\"https:\/\/manag-in.com\/agence-portage\/sage-sa\/\">Dettagli dei servizi<\/a><\/td>\n<td><img style=\"max-width: 50px;\"><\/td>\n<td><img style=\"max-width: 50px;\">\nGruppo Freelance.com<\/td>\n<td><img style=\"max-width: 120px;\">\n\n<img style=\"max-width: 120px;\"><\/td>\n<td>&gt;  50 milioni CHF Svizzera<\/td>\n<td><\/td>\n<td>Supporto umano, telefono ed email (tempo di risposta 24 ore su 24)<\/td>\n<td><a href=\"https:\/\/manag-in.com\/agence-portage\/sage-sa\/\">Contatta questa agenzia<\/a><\/td>\n<\/tr>\n<tr>\n<td><a href=\"https:\/\/manag-in.com\/agence-portage\/uncdi\/\"><img decoding=\"async\" src=\"https:\/\/manag-in.com\/wp-content\/uploads\/2023\/11\/cropped-logoUNCDI4.png\">\nUNCDI<\/a><\/td>\n<td>97\u20ac fisso\/mese (pacchetto standard)\n137\u20ac fisso\/mese (pacchetto business)<\/td>\n<td><\/td>\n<td><a href=\"https:\/\/manag-in.com\/agence-portage\/uncdi\/\">Dettagli dei servizi<\/a><\/td>\n<td><img style=\"max-width: 50px;\">\n0\u20ac commissioni di gestione<\/td>\n<td><img decoding=\"async\" style=\"max-width: 50px;\" src=\"https:\/\/manag-in.com\/wp-content\/uploads\/2023\/11\/CheckCircle.png\"><\/td>\n<td><img decoding=\"async\" style=\"max-width: 120px;\" src=\"https:\/\/manag-in.com\/wp-content\/uploads\/2023\/11\/avis-google.png\">\n14 recensioni\n<img style=\"max-width: 120px;\"><\/td>\n<td><\/td>\n<td><\/td>\n<td>S\u00ec<\/td>\n<td><a href=\"https:\/\/manag-in.com\/agence-portage\/uncdi\/\">Contatta questa agenzia<\/a><\/td>\n<\/tr>\n<\/tbody>\n<\/table>\n<\/div>\t\t\t\t\t\t\t\t<\/div>\n\t\t\t\t<\/div>\n\t\t\t\t\t<\/div>\n\t\t<\/div>\n\t\t\t\t\t<\/div>\n\t\t<\/section>\n\t\t\t\t<\/div>\n\t\t","protected":false},"excerpt":{"rendered":"<p>Partner ombrello Agenzia Tassi di commissione Uffici Servizi Federazione delle 400 aziende ombrello Indici di ascolto Fatturato (in milioni) Numero di dipendenti portati 100% digitale ADDEXPERT 5% fisso comprende CVAE, responsabilit\u00e0 civile e costi strutturali 94210 LA VARENNE SAINT HILAIRE 6 servizi da scoprire Dettagli senza commissioni Dettagli FIFO 51 recensioni Altri dettagli di valutazione [&hellip;]<\/p>\n","protected":false},"author":4,"featured_media":0,"parent":0,"menu_order":0,"comment_status":"closed","ping_status":"closed","template":"","meta":{"_acf_changed":false,"_seopress_robots_primary_cat":"","_seopress_titles_title":"Partner Ombrello - Gestione ad interim","_seopress_titles_desc":"Partner ombrello di Manag In, Gestione ad interim","_seopress_robots_index":"","footnotes":""},"class_list":["post-31995","page","type-page","status-publish","hentry"],"acf":[],"_links":{"self":[{"href":"https:\/\/manag-in.com\/it\/wp-json\/wp\/v2\/pages\/31995","targetHints":{"allow":["GET"]}}],"collection":[{"href":"https:\/\/manag-in.com\/it\/wp-json\/wp\/v2\/pages"}],"about":[{"href":"https:\/\/manag-in.com\/it\/wp-json\/wp\/v2\/types\/page"}],"author":[{"embeddable":true,"href":"https:\/\/manag-in.com\/it\/wp-json\/wp\/v2\/users\/4"}],"replies":[{"embeddable":true,"href":"https:\/\/manag-in.com\/it\/wp-json\/wp\/v2\/comments?post=31995"}],"version-history":[{"count":2,"href":"https:\/\/manag-in.com\/it\/wp-json\/wp\/v2\/pages\/31995\/revisions"}],"predecessor-version":[{"id":53163,"href":"https:\/\/manag-in.com\/it\/wp-json\/wp\/v2\/pages\/31995\/revisions\/53163"}],"wp:attachment":[{"href":"https:\/\/manag-in.com\/it\/wp-json\/wp\/v2\/media?parent=31995"}],"curies":[{"name":"wp","href":"https:\/\/api.w.org\/{rel}","templated":true}]}}