{"id":53738,"date":"2026-03-31T17:34:59","date_gmt":"2026-03-31T15:34:59","guid":{"rendered":"https:\/\/manag-in.com\/manager-ad-interim-aeronautica\/"},"modified":"2026-04-01T07:58:39","modified_gmt":"2026-04-01T05:58:39","slug":"manager-ad-interim-aeronautica","status":"publish","type":"page","link":"https:\/\/manag-in.com\/it\/manager-ad-interim-aeronautica\/","title":{"rendered":"Manager ad interim Aeronautica"},"content":{"rendered":"\t\t<div data-elementor-type=\"wp-page\" data-elementor-id=\"53738\" class=\"elementor elementor-53738\" data-elementor-post-type=\"page\">\n\t\t\t\t\t\t<section class=\"elementor-section elementor-top-section elementor-element elementor-element-447f9743 elementor-section-height-min-height elementor-section-items-bottom elementor-section-boxed elementor-section-height-default\" data-id=\"447f9743\" data-element_type=\"section\" data-e-type=\"section\" data-settings=\"{&quot;background_background&quot;:&quot;classic&quot;}\">\n\t\t\t\t\t\t\t<div class=\"elementor-background-overlay\"><\/div>\n\t\t\t\t\t\t\t<div class=\"elementor-container elementor-column-gap-default\">\n\t\t\t\t\t<div class=\"elementor-column elementor-col-100 elementor-top-column elementor-element elementor-element-1a4668d6\" data-id=\"1a4668d6\" data-element_type=\"column\" data-e-type=\"column\">\n\t\t\t<div class=\"elementor-widget-wrap elementor-element-populated\">\n\t\t\t\t\t\t<div class=\"elementor-element elementor-element-3f31b892 elementor-widget__width-initial elementor-widget-mobile__width-inherit elementor-widget elementor-widget-heading\" data-id=\"3f31b892\" data-element_type=\"widget\" data-e-type=\"widget\" data-widget_type=\"heading.default\">\n\t\t\t\t<div class=\"elementor-widget-container\">\n\t\t\t\t\t<p class=\"elementor-heading-title elementor-size-default\">Trova <strong><i>il manager giusto<\/i><\/strong> per te<\/p>\t\t\t\t<\/div>\n\t\t\t\t<\/div>\n\t\t\t\t<div class=\"elementor-element elementor-element-630dde6 elementor-widget elementor-widget-spacer\" data-id=\"630dde6\" data-element_type=\"widget\" data-e-type=\"widget\" data-widget_type=\"spacer.default\">\n\t\t\t\t<div class=\"elementor-widget-container\">\n\t\t\t\t\t\t\t<div class=\"elementor-spacer\">\n\t\t\t<div class=\"elementor-spacer-inner\"><\/div>\n\t\t<\/div>\n\t\t\t\t\t\t<\/div>\n\t\t\t\t<\/div>\n\t\t\t\t<div class=\"elementor-element elementor-element-4292bbed elementor-widget elementor-widget-spacer\" data-id=\"4292bbed\" data-element_type=\"widget\" data-e-type=\"widget\" data-widget_type=\"spacer.default\">\n\t\t\t\t<div class=\"elementor-widget-container\">\n\t\t\t\t\t\t\t<div class=\"elementor-spacer\">\n\t\t\t<div class=\"elementor-spacer-inner\"><\/div>\n\t\t<\/div>\n\t\t\t\t\t\t<\/div>\n\t\t\t\t<\/div>\n\t\t\t\t<div class=\"elementor-element elementor-element-26af7ca0 elementor-widget__width-auto elementor-absolute elementor-widget elementor-widget-image\" data-id=\"26af7ca0\" data-element_type=\"widget\" data-e-type=\"widget\" data-settings=\"{&quot;_position&quot;:&quot;absolute&quot;}\" data-widget_type=\"image.default\">\n\t\t\t\t<div class=\"elementor-widget-container\">\n\t\t\t\t\t\t\t\t\t\t\t\t\t\t\t<img decoding=\"async\" width=\"37\" height=\"26\" src=\"https:\/\/manag-in.com\/wp-content\/uploads\/2023\/07\/Calque-1pictogramme.svg\" class=\"attachment-large size-large wp-image-52265\" alt=\"Manager, Direttore ad interim\" \/>\t\t\t\t\t\t\t\t\t\t\t\t\t\t\t<\/div>\n\t\t\t\t<\/div>\n\t\t\t\t\t<\/div>\n\t\t<\/div>\n\t\t\t\t\t<\/div>\n\t\t<\/section>\n\t\t\t\t<section class=\"elementor-section elementor-top-section elementor-element elementor-element-5c5fa034 elementor-section-boxed elementor-section-height-default elementor-section-height-default\" data-id=\"5c5fa034\" data-element_type=\"section\" data-e-type=\"section\">\n\t\t\t\t\t\t<div class=\"elementor-container elementor-column-gap-default\">\n\t\t\t\t\t<div class=\"elementor-column elementor-col-100 elementor-top-column elementor-element elementor-element-2cea0bd1\" data-id=\"2cea0bd1\" data-element_type=\"column\" data-e-type=\"column\">\n\t\t\t<div class=\"elementor-widget-wrap elementor-element-populated\">\n\t\t\t\t\t\t<div class=\"elementor-element elementor-element-4bf33d6 elementor-widget elementor-widget-html\" data-id=\"4bf33d6\" data-element_type=\"widget\" data-e-type=\"widget\" data-widget_type=\"html.default\">\n\t\t\t\t<div class=\"elementor-widget-container\">\n\t\t\t\t\t<div class=\"manag-in-content\">\n  <header class=\"hero\">\n    <div class=\"hero-content\">\n      <p class=\"hero-badge\">Gestione ad interim \u00b7 Industria<\/p>\n      <h1>Allenatori ad interim<br><span class=\"accent\">Aeronautica<\/span><br><span class=\"accent2\">&amp; Difesa<\/span><\/h1>\n      <p class=\"hero-desc\">Produttori di aeromobili, produttori di motori, produttori di apparecchiature aeronautiche, elettronica per la difesa, MRO... Manag-in mette in contatto le aziende del settore con <strong>manager interinari settoriali<\/strong>, valutati tramite il <strong>GRI (profilo comportamentale)<\/strong> \u2013 <strong>che lavorano con te entro 24 ore.<\/strong><\/p>\n      <div class=\"hero-actions\">\n        <a href=\"https:\/\/app.manag-in.com\/fr\/entreprise\" class=\"btn-primary\">Inizio la mia ricerca<\/a>\n        <a href=\"tel:+33687851886\" class=\"btn-secondary\">\ud83d\udcde 06 87 85 18 86<\/a>\n      <\/div>\n    <\/div>\n    <div class=\"hero-panel\">\n      <div class=\"kpi-card\"><div class=\"kpi-num\">6<span> min<\/span><\/div><div class=\"kpi-label\">Brief istantaneo e abbinamento<\/div><\/div>\n      <div class=\"kpi-card\"><div class=\"kpi-num\">24<span>ore<\/span><\/div><div class=\"kpi-label\">Pubblicato a casa tua<\/div><\/div>\n      <div class=\"kpi-card\"><div class=\"kpi-num\">3.500<span>+<\/span><\/div><div class=\"kpi-label\">Aziende supportate<\/div><\/div>\n      <div class=\"kpi-card\"><div class=\"kpi-num\">8<span>%<\/span><\/div><div class=\"kpi-label\">Commissione (contro il 50% di mercato)<\/div><\/div>\n    <\/div>\n  <\/header>\n  <div class=\"urgence-band\">\n    <p>\u2708\ufe0f <strong>Problema aeronautico urgente?<\/strong> Breve tra 6 minuti \u00b7 Abbinamento di settori \u00b7 <strong>In servizio tra 24 ore.<\/strong><\/p>\n    <a href=\"tel:+33687851886\" class=\"urgence-tel\">Chiama ora<\/a>\n  <\/div>\n  <section class=\"definition\">\n    <div class=\"definition-text reveal\">\n      <p class=\"section-tag tag-violet\">Il settore<\/p>\n      <h2>Aerospaziale e Difesa: manager specializzati<br>Disponibile in 24 ore su 24<\/h2>\n      <p>Il <strong>settore Aerospaziale e della Difesa<\/strong> sta affrontando <strong>cambiamenti strutturali, normativi e competitivi crescenti<\/strong>. Le aziende hanno bisogno di manager che possano combinare competenze di settore, controllo operativo e visione strategica. <\/p>\n      <p>A differenza delle aziende tradizionali, Manag-in valuta ogni manager tramite l'analisi <strong>comportamentale GRI<\/strong>, che rivela la sua reale capacit\u00e0 di integrarsi nella cultura aziendale, prendere decisioni sotto pressione e mobilitare i team fin dalla prima settimana.<\/p>\n      <p>Attraverso la nostra piattaforma 100% digitale, la tua azienda ha accesso a <strong>General Manager, Direttori Industriali, CFO, Direttori HR o Direttori Operativi<\/strong> specializzati nel tuo settore \u2014 commissioni fino a 6 volte inferiori rispetto alle aziende tradizionali.<\/p>\n      <div class=\"insight-box\">\n        <p class=\"insight-label\">\ud83d\udcd6 Approfondimenti \u2013 Libro bianco sulla gestione<\/p>\n        <p>Nel tuo settore, la cultura aziendale pu\u00f2 essere il primo alleato o il primo ostacolo di un manager ad interim. I profili Manag-in vengono valutati in base alla loro capacit\u00e0 di leggere dinamiche informali dalla prima settimana \u2014 una dimensione chiave rivelata dall'analisi GRI. <\/p>\n      <\/div>\n      <div class=\"tags-cloud\">        <span class=\"chip\">Aeronautica<\/span> civile \n<span class=\"chip\">Difesa e Sistemi<\/span>\nProduttori \n <span class=\"chip\">di attrezzature<\/span><span class=\"chip\">MRO e Manutenzione<\/span>\n<span class=\"chip\">AS9100 \/ EN9100<\/span>\n<span class=\"chip\">Cadenze e Programmi<\/span>                                        <\/div>\n    <\/div>\n    <div class=\"quote-card reveal\">\n      <blockquote>\"In questo settore, il responsabile ad interim deve decidere rapidamente con <strong>il 60-70% delle informazioni disponibili<\/strong>. Aspettare dati perfetti \u00e8 un lusso che i tuoi clienti e i tuoi team non possono permettersi.\" <\/blockquote>\n      <cite>\u2014 Libro bianco di Manag-in \u00b7 Gestione ad interim senza filtro<\/cite>\n    <\/div>\n  <\/section>\n  <section class=\"signaux\">\n    <div class=\"reveal\">\n      <p class=\"section-tag tag-orange\">Quando intervenire?<\/p>\n      <h2>Situazioni che richiedono un manager<br>Transizione nel tuo settore<\/h2>\n      <p class=\"signaux-intro\">Queste situazioni sono comuni nell'industria aerospaziale e della difesa. Un responsabile del settore Manag-in pu\u00f2 essere incaricato entro 24 ore. <\/p>\n    <\/div>\n    <div class=\"signaux-grid reveal\">      <div class=\"signal-item\"><div class=\"signal-icon\">\u2708\ufe0f<\/div><h3>Direttore Industriale Sostitutivo<\/h3><p>Partenza durante il programma critico \u2014 cadenze e impegni contrattuali da rispettare.<\/p><\/div>\n      <div class=\"signal-item\"><div class=\"signal-icon\">\ud83d\udccb<\/div><h3>Programma di drifting<\/h3><p>Ritardi, sovrapposto, debole coordinamento Tier 1\/2 \u2014 PMO transitorio.<\/p><\/div>\n      <div class=\"signal-item\"><div class=\"signal-icon\">\ud83d\udd12<\/div><h3>Conformit\u00e0 AS9100\/EN9100<\/h3><p>Autorizzazioni della difesa, audit clienti Airbus, Safran e Dassault.<\/p><\/div>\n      <div class=\"signal-item\"><div class=\"signal-icon\">\ud83d\udd27<\/div><h3>Mont\u00e9e en cadence RAMP-UP<\/h3><p>Industrializzazione di un nuovo sotto-assemblaggio, qualificazione del processo.<\/p><\/div>\n      <div class=\"signal-item\"><div class=\"signal-icon\">\ud83e\udd1d<\/div><h3>Integrazione post-acquisizione<\/h3><p>Acquisizione di un produttore di apparecchiature, armonizzazione dei processi di qualit\u00e0.<\/p><\/div>\n      <div class=\"signal-item\"><div class=\"signal-icon\">\ud83d\udc65<\/div><h3>Ristrutturazione<\/h3><p>Piano di adattamento alla forza lavoro, dialogo sociale in un ambiente sindacalizzato.<\/p><\/div><\/div>\n  <\/section>\n  <section class=\"cas-reels\">\n    <div class=\"reveal\">\n      <p class=\"section-tag tag-vert\">Caso di studio \u00b7 Manag-in<\/p>\n      <h2>Una missione concreta nel settore aeronautico<\/h2>\n    <\/div>\n    <div class=\"cas-grid reveal\" style=\"grid-template-columns:1fr 1fr;\">\n      <div class=\"cas-card\" style=\"border-top-color:var(--violet);\">\n        <p class=\"cas-context\" style=\"color:var(--violet);\">Contesto \u00b7 OEM di livello 1 \u00b7 800 dipendenti<\/p>\n        <h3>Programma di drifting: consegne sicure, velocit\u00e0 raggiunta<\/h3>\n        <p>Responsabile DI selezionato in 24 ore: ripresa del programma, coordinamento Tier 2, audit AS9100.<\/p>\n      <\/div>\n      <div class=\"cas-card\" style=\"border-top-color:var(--orange);\">\n        <p class=\"cas-context\" style=\"color:var(--orange);\">Mission Manag-in \u00b7 GRI Certified Manager \u00b7 Selezionato in 24 ore<\/p>\n        <h3>Risultati ottenuti durante la durata della missione<\/h3>\n        <p>Tramite Manag-in, l'azienda seleziona un responsabile di settore certificato GRI che \u00e8 immediatamente disponibile. Diagnosi rapida, presa di controllo operativa, risultati misurabili. <\/p>\n        <div style=\"display:flex;flex-direction:column;gap:0.5rem;margin-top:1rem;\">          <p class=\"cas-result\" style=\"border:none;padding:0;\">\u2726 Cadenze sostenute<\/p>\n          <p class=\"cas-result\" style=\"border:none;padding:0;\">Certificazione mantenuta<\/p>\n          <p class=\"cas-result\" style=\"border:none;padding:0;\">0 penalit\u00e0 per i clienti<\/p><\/div>\n      <\/div>\n    <\/div>\n    <div class=\"vs-cabinets reveal\" style=\"margin-top:1.5rem;border-left-color:var(--violet);\">\n  \ud83d\udccb <strong style=\"color:var(--violet);\">Nota di gestione:<\/strong> missioni settoriali di 4-12 mesi, obiettivi definiti fin dall'inizio.\n    <\/div>\n  <\/section>\n  <section class=\"missions\">\n    <div class=\"reveal\">\n      <p class=\"section-tag tag-violet\">Ambito di intervento<\/p>\n      <h2>Le missioni dei nostri manager nel settore aeronautico<\/h2>\n    <\/div>\n    <div class=\"missions-grid reveal\">      <div class=\"mission-card\"><div class=\"mission-num\">01<\/div><h3>Gestione industriale e programma<\/h3><p>Tenere il passo con il ritmo, coordinare i metodi di qualit\u00e0 di produzione.<\/p><\/div>\n      <div class=\"mission-card\"><div class=\"mission-num\">02<\/div><h3>AS9100 Qualit\u00e0 e Conformit\u00e0<\/h3><p>Certificazioni, audit dei clienti, non conformit\u00e0, piani 8D.<\/p><\/div>\n      <div class=\"mission-card\"><div class=\"mission-num\">03<\/div><h3>Catena di approvvigionamento aerospaziale<\/h3><p>Qualificazione dei fornitori, gestione del rischio di fornitura.<\/p><\/div>\n      <div class=\"mission-card\"><div class=\"mission-num\">04<\/div><h3>Gestione del programma PMO<\/h3><p>Governance, traguardi EASA\/DGA, gestione del rischio.<\/p><\/div>\n      <div class=\"mission-card\"><div class=\"mission-num\">05<\/div><h3>Crescita<\/h3><p>Gestione industriale, investimenti di capacit\u00e0, formazione degli operatori.<\/p><\/div>\n      <div class=\"mission-card\"><div class=\"mission-num\">06<\/div><h3>Trasferimento e passaggio di mano<\/h3><p>Documentazione, consegna al successore, file tecnici.<\/p><\/div><\/div>\n  <\/section>\n  <section class=\"profil\">\n    <div class=\"profil-sticky reveal\">\n      <p class=\"section-tag tag-bleu\">Il profilo Manag-in<\/p>\n      <h2>Chi sono i manager ad interim dell'Aerospaziale su Manag-in?<\/h2>\n      <p>Non sono consulenti generalisti. Si tratta di ex <strong>General Manager, Direttori Industriali, CFO, Direttori HR o Direttori Operativi<\/strong> del tuo settore, che assumono la responsabilit\u00e0 operativa della tua missione da D+1. <\/p>\n      <p>Da Manag-in, ogni profilo \u00e8 certificato dal nostro algoritmo e validato da <strong>un'analisi GRI (profilo comportamentale)<\/strong> \u2014 che rivela la loro reale capacit\u00e0 di integrarsi nella cultura del tuo settore e mobilitare i team sotto pressione.<\/p>\n      <div class=\"profil-highlight\"><p>Fondata da <strong>G\u00e9rard Arnaud, Patrice Hournon e Bruno Blaser<\/strong>, tre esperti con oltre 30 anni di esperienza ciascuno nella trasformazione e nella gestione (Valeo, Sport 2000, Monceau Fleurs, ecc.).<\/p><\/div>\n    <\/div>\n    <ul class=\"profil-list reveal\">\n      <li><div class=\"check-dot\">\u2713<\/div><div><h4>Esperienza verificata nel settore<\/h4><p>Incarichi reali nel tuo settore \u2014 verificati e certificati. Niente profili generalisti: solo competenza sul campo. <\/p><\/div><\/li>\n      <li><div class=\"check-dot\">\u2713<\/div><div><h4>Legittimit\u00e0 sul campo e credibilit\u00e0 operativa<\/h4><p>Provenendo dal tuo settore, il manager \u00e8 immediatamente credibile con i tuoi team, clienti e partner.<\/p><\/div><\/li>\n      <li><div class=\"check-dot\">\u2713<\/div><div><h4>Profilo comportamentale GRI certificato \u2726<\/h4><p>Il GRI dimostra la sua capacit\u00e0 di integrare la tua cultura, decidere sotto pressione e mobilitare i tuoi team. Fai una scelta consapevole. <\/p><\/div><\/li>\n      <li><div class=\"check-dot\">\u2713<\/div><div><h4>Operativo in loco da D+1<\/h4><p>Da D+1: riunione dei team, diagnosi, prime azioni correttive.<\/p><\/div><\/li>\n      <li><div class=\"check-dot\">\u2713<\/div><div><h4>Impegno verso i risultati<\/h4><p>Obiettivi misurabili e traguardi chiari. Il Manag-in segue il briefing fino al passaggio di consegne riuscito. <\/p><\/div><\/li>\n    <\/ul>\n  <\/section>\n  <section class=\"gri-section\">\n    <div class=\"gri-inner\">\n      <div class=\"reveal\">\n        <span class=\"gri-badge\"><svg viewbox=\"0 0 24 24\"><path d=\"M12 2C6.48 2 2 6.48 2 12s4.48 10 10 10 10-4.48 10-10S17.52 2 12 2zm-1 14H9V8h2v8zm4 0h-2V8h2v8z\"\/><\/svg>Differenziatore Manag-in<\/span>\n        <p class=\"section-tag tag-vert\">Analisi GRI<\/p>\n        <h2>Conosci il profilo comportamentale del tuo manager prima di scegliere<\/h2>\n        <p class=\"gri-intro\">A Manag-in, ogni manager viene valutato utilizzando il <strong>GRI (Growth Resources Indicator)<\/strong> \u2014 uno strumento di analisi comportamentale che rivela come il manager <strong>si comporta davvero sotto pressione<\/strong>.<\/p>\n        <p class=\"gri-intro\">Il successo nel tuo settore non dipende solo dalle competenze tecniche. Dipende dalla <strong>capacit\u00e0 personale del manager di integrare la tua cultura, mobilitare i team e mantenere la rotta nell'incertezza<\/strong>. <\/p>\n        <div class=\"gri-differentiator\"><p>\u26a1 <strong>Unico sul mercato:<\/strong> le aziende tradizionali reclutano in base all'esperienza e alla rete. Manag-in certifica ogni profilo GRI per <strong>identificare accuratamente la capacit\u00e0 personale del manager di svolgere la tua specifica missione<\/strong>. <\/p><\/div>\n        <a href=\"https:\/\/manag-in.com\/it\/gri-analisi-del-tuo-profilo-comportamentale\/\" class=\"gri-link\">Scopri di pi\u00f9 sull'analisi GRI\u2192<\/a>\n      <\/div>\n      <div class=\"reveal\">\n        <div class=\"gri-cards\">\n          <div class=\"gri-card\"><div class=\"gri-card-icon\">\ud83e\udde0<\/div><h4>Profilo decisionale<\/h4><p>Come decide il manager sotto pressione nel tuo settore? Da solo o collegiale? Velocemente o analiticamente?  <\/p><\/div>\n          <div class=\"gri-card\"><div class=\"gri-card-icon\">\u26a1<\/div><h4>Resistenza allo stress<\/h4><p>Capacit\u00e0 di mantenere una rotta chiara di fronte a eventi imprevisti, tensioni interne e pressioni da clienti o regolatori.<\/p><\/div>\n          <div class=\"gri-card\"><div class=\"gri-card-icon\">\ud83d\udc65<\/div><h4>Stile di leadership<\/h4><p>Direttivo, partecipativo, trasformativo? Il GRI identifica lo stile giusto per la cultura organizzativa del tuo settore. <\/p><\/div>\n          <div class=\"gri-card\"><div class=\"gri-card-icon\">\ud83d\udd04<\/div><h4>Adattabilit\u00e0 culturale<\/h4><p>Capacit\u00e0 di integrare rapidamente la cultura implicita del proprio settore e posizionarsi con autorit\u00e0.<\/p><\/div>\n          <div class=\"gri-card\"><div class=\"gri-card-icon\">\ud83c\udfaf<\/div><h4>Orientato ai risultati<\/h4><p>Il GRI distingue tra manager orientati ai processi e manager orientati ai risultati \u2014 fondamentali per il tuo settore.<\/p><\/div>\n          <div class=\"gri-card\"><div class=\"gri-card-icon\">\ud83e\udd1d<\/div><h4>Intelligenza relazionale<\/h4><p>Capacit\u00e0 di gestire clienti, fornitori, regolatori e partner con diplomazia e fermezza simultaneamente.<\/p><\/div>\n          <div class=\"gri-vs\"><span class=\"gri-vs-label\">Perch\u00e9 \u00e8 decisivo<\/span><p>Nel tuo settore, <strong>due manager con curriculum identici possono produrre risultati radicalmente diversi<\/strong>. Il GRI identifica quale \u00e8 cablata per la tua situazione. <\/p><\/div>\n        <\/div>\n      <\/div>\n    <\/div>\n  <\/section>\n  <section class=\"faq\">\n    <div class=\"reveal\">\n      <p class=\"section-tag tag-violet\">Domande frequenti<\/p>\n      <h2>Le tue domande sulla gestione ad interim nel settore Aerospaziale e della Difesa<\/h2>\n    <\/div>\n    <div class=\"faq-wrap reveal\">\n      <div class=\"faq-item\"><div class=\"faq-q\" onclick=\"toggleFaq(this)\"><h3>Quanto dura una missione di settore?<\/h3><div class=\"faq-toggle\">+<\/div><\/div><div class=\"faq-a\"><p>Le missioni settoriali generalmente durano da 4 a 12 mesi. I primi 30 giorni sono dedicati alla diagnosi e alla gestione dei giorni. Con Manag-in, il manager \u00e8 di turno entro 24 ore e la durata \u00e8 modificabile.  <\/p><\/div><\/div>\n      <div class=\"faq-item\"><div class=\"faq-q\" onclick=\"toggleFaq(this)\"><h3>Qual \u00e8 la differenza tra un manager Manager in e un consulente di settore?<\/h3><div class=\"faq-toggle\">+<\/div><\/div><div class=\"faq-a\"><p>Il consulente fornisce raccomandazioni. Il manager ad interim Manag-in assume la gestione operativa: gestisce i team, firma le decisioni ed \u00e8 responsabile dei risultati. Certificato GRI, selezionato per missioni reali nel tuo settore.  <\/p><\/div><\/div>\n      <div class=\"faq-item\"><div class=\"faq-q\" onclick=\"toggleFaq(this)\"><h3>Manag-in offre profili veramente specializzati nel mio settore?<\/h3><div class=\"faq-toggle\">+<\/div><\/div><div class=\"faq-a\"><p>S\u00ec. La piattaforma permette di filtrare per settore di attivit\u00e0. Ogni manager specifica le proprie aree di competenza, incarichi passati verificati e certificazioni settoriali. Esperti nel tuo settore, non generalisti.   <\/p><\/div><\/div>\n      <div class=\"faq-item\"><div class=\"faq-q\" onclick=\"toggleFaq(this)\"><h3>Manag-in \u00e8 adatto alle PMI nel mio settore?<\/h3><div class=\"faq-toggle\">+<\/div><\/div><div class=\"faq-a\"><p>Assolutamente. Con commissioni che partono dall'8% (rispetto al 50% nelle aziende), Manag-in rende la gestione ad interim accessibile alle aziende con 50-500 dipendenti. <\/p><\/div><\/div>\n      <div class=\"faq-item\"><div class=\"faq-q\" onclick=\"toggleFaq(this)\"><h3>Cos'\u00e8 il GRI e perch\u00e9 \u00e8 importante nel mio settore?<\/h3><div class=\"faq-toggle\">+<\/div><\/div><div class=\"faq-a\"><p>Il GRI (Growth Resources Indicator) rivela il profilo comportamentale del manager: decisioni sotto pressione, leadership, resistenza allo stress. Due manager con le stesse competenze possono ottenere risultati molto diversi a seconda del loro GRI. <\/p><\/div><\/div>\n      <div class=\"faq-item\"><div class=\"faq-q\" onclick=\"toggleFaq(this)\"><h3>Come seleziona Manag-in i suoi manager di settore?<\/h3><div class=\"faq-toggle\">+<\/div><\/div><div class=\"faq-a\"><p>Basandosi su esperienza verificata nel tuo settore, incarichi passati controllati, certificazioni di settore e analisi comportamentale GRI. Disponibilit\u00e0 aggiornata in tempo reale. Commissione dall'8%.  <\/p><\/div><\/div>\n    <\/div>\n  <\/section>\n  <section class=\"cta-final\" id=\"contact\">\n    <div class=\"in-label\">INAFFIDABILE<\/div>\n    <h2>Il tuo settore non vede l'ora.<br>Neanche i nostri manager.<\/h2>\n    <p>Briefing tra 6 minuti sulla piattaforma di Gestione. Abbinamento istantaneo sui profili del settore aeronautico certificato GRI.   <strong>Operativo sul tuo sito in 24 ore.<\/strong><\/p>\n    <div class=\"cta-actions\">\n      <a href=\"https:\/\/app.manag-in.com\/fr\/entreprise\" class=\"btn-white\">Inizia sulla piattaforma<\/a>\n      <a href=\"tel:+33687851886\" class=\"btn-ghost-white\">\ud83d\udcde 06 87 85 18 86<\/a>\n    <\/div>\n    <p class=\"cta-note\">Breve tra 6 minuti \u00b7 Abbinamento di settori \u00b7 In servizio tra 24 ore \u00b7 Commissione dall'8%<\/p>\n  <\/section>\n<\/div>\n<script>(function(){var e=document.querySelectorAll('.manag-in-content .reveal');if('IntersectionObserver' in window){var o=new IntersectionObserver(function(x){x.forEach(function(i){if(i.isIntersecting)i.target.classList.add('visible');});},{threshold:0.08});e.forEach(function(el){o.observe(el);})}else{e.forEach(function(el){el.classList.add('visible');})}window.toggleFaq=function(el){var it=el.closest('.faq-item');var op=it.classList.contains('open');document.querySelectorAll('.manag-in-content .faq-item').forEach(function(i){i.classList.remove('open');});if(!op)it.classList.add('open');}})();<\/script>\t\t\t\t<\/div>\n\t\t\t\t<\/div>\n\t\t\t\t\t<\/div>\n\t\t<\/div>\n\t\t\t\t\t<\/div>\n\t\t<\/section>\n\t\t\t\t<\/div>\n\t\t","protected":false},"excerpt":{"rendered":"<p>Trova il manager giusto per te Gestione ad interim \u00b7 Industria Allenatori ad interimAeronautica&amp; Difesa Produttori di aeromobili, produttori di motori, produttori di apparecchiature aeronautiche, elettronica per la difesa, MRO&#8230; Manag-in mette in contatto le aziende del settore con manager interinari settoriali, valutati tramite il GRI (profilo comportamentale) \u2013 che lavorano con te entro 24 [&hellip;]<\/p>\n","protected":false},"author":4,"featured_media":0,"parent":0,"menu_order":0,"comment_status":"closed","ping_status":"closed","template":"","meta":{"_acf_changed":false,"_seopress_robots_primary_cat":"","_seopress_titles_title":"","_seopress_titles_desc":"","_seopress_robots_index":"","footnotes":""},"class_list":["post-53738","page","type-page","status-publish","hentry"],"acf":[],"_links":{"self":[{"href":"https:\/\/manag-in.com\/it\/wp-json\/wp\/v2\/pages\/53738","targetHints":{"allow":["GET"]}}],"collection":[{"href":"https:\/\/manag-in.com\/it\/wp-json\/wp\/v2\/pages"}],"about":[{"href":"https:\/\/manag-in.com\/it\/wp-json\/wp\/v2\/types\/page"}],"author":[{"embeddable":true,"href":"https:\/\/manag-in.com\/it\/wp-json\/wp\/v2\/users\/4"}],"replies":[{"embeddable":true,"href":"https:\/\/manag-in.com\/it\/wp-json\/wp\/v2\/comments?post=53738"}],"version-history":[{"count":1,"href":"https:\/\/manag-in.com\/it\/wp-json\/wp\/v2\/pages\/53738\/revisions"}],"predecessor-version":[{"id":53739,"href":"https:\/\/manag-in.com\/it\/wp-json\/wp\/v2\/pages\/53738\/revisions\/53739"}],"wp:attachment":[{"href":"https:\/\/manag-in.com\/it\/wp-json\/wp\/v2\/media?parent=53738"}],"curies":[{"name":"wp","href":"https:\/\/api.w.org\/{rel}","templated":true}]}}